{"id":15893,"date":"2023-09-26T06:37:55","date_gmt":"2023-09-26T04:37:55","guid":{"rendered":"http:\/\/hyggeconcept.realizacjewww.pl\/?page_id=15893"},"modified":"2023-11-27T08:01:13","modified_gmt":"2023-11-27T07:01:13","slug":"nazwa","status":"publish","type":"page","link":"https:\/\/hyggeconcept.realizacjewww.pl\/?page_id=15893","title":{"rendered":"Nazwa"},"content":{"rendered":"\t\t<div data-elementor-type=\"wp-page\" data-elementor-id=\"15893\" class=\"elementor elementor-15893\" data-elementor-post-type=\"page\">\n\t\t\t\t\t\t\t\t\t<section class=\"elementor-section elementor-top-section elementor-element elementor-element-1cf3248 elementor-section-full_width elementor-section-stretched elementor-section-height-default elementor-section-height-default wd-section-disabled\" data-id=\"1cf3248\" data-element_type=\"section\" data-settings=\"{&quot;stretch_section&quot;:&quot;section-stretched&quot;}\">\n\t\t\t\t\t\t<div class=\"elementor-container elementor-column-gap-default\">\n\t\t\t\t\t<div class=\"elementor-column elementor-col-100 elementor-top-column elementor-element elementor-element-091efda\" data-id=\"091efda\" data-element_type=\"column\">\n\t\t\t<div class=\"elementor-widget-wrap elementor-element-populated\">\n\t\t\t\t\t\t\t\t<div class=\"elementor-element elementor-element-a79e556 elementor-pagination-position-inside elementor-arrows-position-inside elementor-widget elementor-widget-image-carousel\" data-id=\"a79e556\" data-element_type=\"widget\" data-settings=\"{&quot;slides_to_show&quot;:&quot;1&quot;,&quot;navigation&quot;:&quot;both&quot;,&quot;autoplay&quot;:&quot;yes&quot;,&quot;pause_on_hover&quot;:&quot;yes&quot;,&quot;pause_on_interaction&quot;:&quot;yes&quot;,&quot;autoplay_speed&quot;:5000,&quot;infinite&quot;:&quot;yes&quot;,&quot;effect&quot;:&quot;slide&quot;,&quot;speed&quot;:500}\" data-widget_type=\"image-carousel.default\">\n\t\t\t\t<div class=\"elementor-widget-container\">\n\t\t\t<style>\/*! elementor - v3.15.0 - 09-08-2023 *\/\n.elementor-widget-image-carousel .swiper,.elementor-widget-image-carousel .swiper-container{position:static}.elementor-widget-image-carousel .swiper-container .swiper-slide figure,.elementor-widget-image-carousel .swiper .swiper-slide figure{line-height:inherit}.elementor-widget-image-carousel .swiper-slide{text-align:center}.elementor-image-carousel-wrapper:not(.swiper-container-initialized):not(.swiper-initialized) .swiper-slide{max-width:calc(100% \/ var(--e-image-carousel-slides-to-show, 3))}<\/style>\t\t<div class=\"elementor-image-carousel-wrapper swiper\" dir=\"ltr\">\n\t\t\t<div class=\"elementor-image-carousel swiper-wrapper\" aria-live=\"off\">\n\t\t\t\t\t\t\t\t<div class=\"swiper-slide\" role=\"group\" aria-roledescription=\"slide\" aria-label=\"1 of 3\"><figure class=\"swiper-slide-inner\"><img decoding=\"async\" class=\"swiper-slide-image\" src=\"https:\/\/hyggeconcept.realizacjewww.pl\/wp-content\/uploads\/2023\/11\/SLIDER_czarny.webp\" alt=\"SLIDER_czarny\" \/><\/figure><\/div><div class=\"swiper-slide\" role=\"group\" aria-roledescription=\"slide\" aria-label=\"2 of 3\"><figure class=\"swiper-slide-inner\"><img decoding=\"async\" class=\"swiper-slide-image\" src=\"https:\/\/hyggeconcept.realizacjewww.pl\/wp-content\/uploads\/2021\/09\/slider-kopia-scaled.webp\" alt=\"slider kopia\" \/><\/figure><\/div><div class=\"swiper-slide\" role=\"group\" aria-roledescription=\"slide\" aria-label=\"3 of 3\"><figure class=\"swiper-slide-inner\"><img decoding=\"async\" class=\"swiper-slide-image\" src=\"https:\/\/hyggeconcept.realizacjewww.pl\/wp-content\/uploads\/2021\/09\/slider_2-kopia-scaled.webp\" alt=\"slider_2 kopia\" \/><\/figure><\/div>\t\t\t<\/div>\n\t\t\t\t\t\t\t\t\t\t\t\t<div class=\"elementor-swiper-button elementor-swiper-button-prev\" role=\"button\" tabindex=\"0\">\n\t\t\t\t\t\t<i aria-hidden=\"true\" class=\"eicon-chevron-left\"><\/i>\t\t\t\t\t<\/div>\n\t\t\t\t\t<div class=\"elementor-swiper-button elementor-swiper-button-next\" role=\"button\" tabindex=\"0\">\n\t\t\t\t\t\t<i aria-hidden=\"true\" class=\"eicon-chevron-right\"><\/i>\t\t\t\t\t<\/div>\n\t\t\t\t\n\t\t\t\t\t\t\t\t\t<div class=\"swiper-pagination\"><\/div>\n\t\t\t\t\t\t\t\t\t<\/div>\n\t\t\t\t<\/div>\n\t\t\t\t<\/div>\n\t\t\t\t\t<\/div>\n\t\t<\/div>\n\t\t\t\t\t\t\t<\/div>\n\t\t<\/section>\n\t\t\t\t<section class=\"elementor-section elementor-top-section elementor-element elementor-element-2fbe386 elementor-section-full_width wd-section-stretch-content elementor-section-height-default elementor-section-height-default\" data-id=\"2fbe386\" data-element_type=\"section\" data-settings=\"{&quot;background_background&quot;:&quot;classic&quot;}\">\n\t\t\t\t\t\t<div class=\"elementor-container elementor-column-gap-default\">\n\t\t\t\t\t<div class=\"elementor-column elementor-col-50 elementor-top-column elementor-element elementor-element-bb1bf65 wd-parallax-on-scroll wd_scroll_y_50 wd_scroll_smoothness_30\" data-id=\"bb1bf65\" data-element_type=\"column\">\n\t\t\t<div class=\"elementor-widget-wrap elementor-element-populated\">\n\t\t\t\t\t\t\t\t\t<link rel=\"stylesheet\" id=\"wd-int-el-animations-css\" href=\"https:\/\/hyggeconcept.realizacjewww.pl\/wp-content\/themes\/woodmart\/css\/parts\/int-elem-el-animations.min.css?ver=7.2.5\" type=\"text\/css\" media=\"all\" \/> \t\t\t\t\t<div class=\"elementor-element elementor-element-3ae17d8 elementor-invisible elementor-widget elementor-widget-wd_title\" data-id=\"3ae17d8\" data-element_type=\"widget\" data-settings=\"{&quot;_animation&quot;:&quot;fadeInUp&quot;}\" data-widget_type=\"wd_title.default\">\n\t\t\t\t<div class=\"elementor-widget-container\">\n\t\t\t\t\t\t<link rel=\"stylesheet\" id=\"wd-section-title-css\" href=\"https:\/\/hyggeconcept.realizacjewww.pl\/wp-content\/themes\/woodmart\/css\/parts\/el-section-title.min.css?ver=7.2.5\" type=\"text\/css\" media=\"all\" \/> \t\t\t\t\t<div class=\"title-wrapper set-mb-s reset-last-child wd-title-color-default wd-title-style-default wd-title-size-default text-left\">\n\n\t\t\t\t\t\t\t<div class=\"title-subtitle subtitle-color-default subtitle-style-default wd-fontsize-xs\">\n\t\t\t\t\tJeste\u015bmy AIO!\t\t\t\t<\/div>\n\t\t\t\n\t\t\t<div class=\"liner-continer\">\n\t\t\t\t<h4 class=\"woodmart-title-container title wd-fontsize-l\">Sk\u0105d nazwa AIO?<\/h4> \n\t\t\t\t\t\t\t<\/div>\n\n\t\t\t\t\t<\/div>\n\t\t\t\t<\/div>\n\t\t\t\t<\/div>\n\t\t\t\t<div class=\"elementor-element elementor-element-93eb0c2 color-scheme-inherit text-left elementor-invisible elementor-widget elementor-widget-text-editor\" data-id=\"93eb0c2\" data-element_type=\"widget\" data-settings=\"{&quot;_animation&quot;:&quot;fadeInUp&quot;}\" data-widget_type=\"text-editor.default\">\n\t\t\t\t<div class=\"elementor-widget-container\">\n\t\t\t<style>\/*! elementor - v3.15.0 - 09-08-2023 *\/\n.elementor-widget-text-editor.elementor-drop-cap-view-stacked .elementor-drop-cap{background-color:#69727d;color:#fff}.elementor-widget-text-editor.elementor-drop-cap-view-framed .elementor-drop-cap{color:#69727d;border:3px solid;background-color:transparent}.elementor-widget-text-editor:not(.elementor-drop-cap-view-default) .elementor-drop-cap{margin-top:8px}.elementor-widget-text-editor:not(.elementor-drop-cap-view-default) .elementor-drop-cap-letter{width:1em;height:1em}.elementor-widget-text-editor .elementor-drop-cap{float:left;text-align:center;line-height:1;font-size:50px}.elementor-widget-text-editor .elementor-drop-cap-letter{display:inline-block}<\/style>\t\t\t\t<p>Z nazw\u0105 to by\u0142o tak\u2026 To idealny spos\u00f3b na rozpocz\u0119cie tej opowie\u015bci \ud83d\ude42 Mieli\u015bmy wszystko &#8211; gotowe receptury produkt\u00f3w, strategi\u0119 marketingow\u0105 i sprzeda\u017cow\u0105, ca\u0142\u0105 wizj\u0119 i koncepcj\u0119 wizerunkow\u0105 marki\u2026ale nazwy nie mieli\u015bmy. To znaczy mieli\u015bmy, ale nie byli\u015bmy jej pewni. O firmie my\u015bleli\u015bmy jak o malutkim pupilu. Szczeniaczku czy koci\u0119ciu, kt\u00f3re w\u0142a\u015bnie pojawia si\u0119 na \u015bwiecie, kt\u00f3remu imi\u0119 wybiera si\u0119 raz, na zawsze \ud83d\ude42 Chcieli\u015bmy aby nazwa nie by\u0142a oczywista, kojarzy\u0142a si\u0119 przyjemnie i mi\u0142o. Mia\u0142y dni, a\u017c w ko\u0144cu trafili\u015bmy na s\u0142owo, kt\u00f3re idealnie odzwierciedla\u0142o to co stworzyli\u015bmy. W\u00f3wczas zdecydowali\u015bmy &#8211; b\u0119dzie AIO!<\/p><p>AIO to swobodny anagram sylaby \u201eaoi\u201d pochodz\u0105cej z j\u0119zyka japo\u0144skiego. Ma ona podw\u00f3jne znaczenie i u\u017cywana jest do okre\u015blenia koloru niebieskiego oraz ro\u015bliny, kt\u00f3r\u0105 ze wzgl\u0119du na jej dobroczynne w\u0142a\u015bciwo\u015bci dla w\u0142os\u00f3w i sier\u015bci, umie\u015bcili\u015bmy w naszych kluczowych produktach &#8211; szamponach i od\u017cywkach. Niebieski, to kolor, kt\u00f3ry widz\u0105 psy i kt\u00f3ry wykorzystali\u015bmy do identyfikacji naszej marki. Prawo\u015blaz lekarski nale\u017cy do rodziny ro\u015blin malwowatych, \u015blazowatych. Ekstrakt z korzenia tej ro\u015bliny mi\u0119dzy innymi ma w\u0142a\u015bciwo\u015bci silnie nawil\u017caj\u0105ce, zmi\u0119kczaj\u0105ce, redukuj\u0105ce szorstko\u015b\u0107 czy \u0142agodz\u0105ce podra\u017cnienia, dlatego nie mog\u0142o zabrakn\u0105\u0107 go w produktach AIO NATURE.<\/p><p>AIO jest wszystkim w jednym, czego Ty i Tw\u00f3j czworono\u017cny przyjaciel potrzebujecie do budowania i pog\u0142\u0119biania wi\u0119zi mi\u0119dzy Wami. Budowanie Waszej wsp\u00f3lnej relacji przez dotyk w codziennej piel\u0119gnacji naturalnymi produktami AIO i czu\u0142o\u015b\u0107, to najlepsze prezenty jakie mo\u017cecie da\u0107 Waszym psom i kotom.<\/p>\t\t\t\t\t\t<\/div>\n\t\t\t\t<\/div>\n\t\t\t\t\t<\/div>\n\t\t<\/div>\n\t\t\t\t<div class=\"elementor-column elementor-col-50 elementor-top-column elementor-element elementor-element-e86a9c1\" data-id=\"e86a9c1\" data-element_type=\"column\" data-settings=\"{&quot;background_background&quot;:&quot;classic&quot;,&quot;background_motion_fx_motion_fx_scrolling&quot;:&quot;yes&quot;,&quot;background_motion_fx_translateY_effect&quot;:&quot;yes&quot;,&quot;background_motion_fx_devices&quot;:[&quot;desktop&quot;],&quot;background_motion_fx_translateY_speed&quot;:{&quot;unit&quot;:&quot;px&quot;,&quot;size&quot;:4,&quot;sizes&quot;:[]},&quot;background_motion_fx_translateY_affectedRange&quot;:{&quot;unit&quot;:&quot;%&quot;,&quot;size&quot;:&quot;&quot;,&quot;sizes&quot;:{&quot;start&quot;:0,&quot;end&quot;:100}}}\">\n\t\t\t<div class=\"elementor-widget-wrap elementor-element-populated\">\n\t\t\t\t\t\t\t\t<div class=\"elementor-element elementor-element-0416e72 elementor-widget elementor-widget-spacer\" data-id=\"0416e72\" data-element_type=\"widget\" data-widget_type=\"spacer.default\">\n\t\t\t\t<div class=\"elementor-widget-container\">\n\t\t\t<style>\/*! elementor - v3.15.0 - 09-08-2023 *\/\n.elementor-column .elementor-spacer-inner{height:var(--spacer-size)}.e-con{--container-widget-width:100%}.e-con-inner>.elementor-widget-spacer,.e-con>.elementor-widget-spacer{width:var(--container-widget-width,var(--spacer-size));--align-self:var(--container-widget-align-self,initial);--flex-shrink:0}.e-con-inner>.elementor-widget-spacer>.elementor-widget-container,.e-con-inner>.elementor-widget-spacer>.elementor-widget-container>.elementor-spacer,.e-con>.elementor-widget-spacer>.elementor-widget-container,.e-con>.elementor-widget-spacer>.elementor-widget-container>.elementor-spacer{height:100%}.e-con-inner>.elementor-widget-spacer>.elementor-widget-container>.elementor-spacer>.elementor-spacer-inner,.e-con>.elementor-widget-spacer>.elementor-widget-container>.elementor-spacer>.elementor-spacer-inner{height:var(--container-widget-height,var(--spacer-size))}<\/style>\t\t<div class=\"elementor-spacer\">\n\t\t\t<div class=\"elementor-spacer-inner\"><\/div>\n\t\t<\/div>\n\t\t\t\t<\/div>\n\t\t\t\t<\/div>\n\t\t\t\t\t<\/div>\n\t\t<\/div>\n\t\t\t\t\t\t\t<\/div>\n\t\t<\/section>\n\t\t\t\t\t\t\t<\/div>\n\t\t","protected":false},"excerpt":{"rendered":"<p>Jeste\u015bmy AIO! Sk\u0105d nazwa AIO? Z nazw\u0105 to by\u0142o tak\u2026 To idealny spos\u00f3b na rozpocz\u0119cie tej opowie\u015bci \ud83d\ude42 Mieli\u015bmy wszystko<\/p>\n","protected":false},"author":1,"featured_media":0,"parent":0,"menu_order":0,"comment_status":"closed","ping_status":"closed","template":"","meta":{"inline_featured_image":false,"footnotes":""},"class_list":["post-15893","page","type-page","status-publish","hentry"],"_links":{"self":[{"href":"https:\/\/hyggeconcept.realizacjewww.pl\/index.php?rest_route=\/wp\/v2\/pages\/15893","targetHints":{"allow":["GET"]}}],"collection":[{"href":"https:\/\/hyggeconcept.realizacjewww.pl\/index.php?rest_route=\/wp\/v2\/pages"}],"about":[{"href":"https:\/\/hyggeconcept.realizacjewww.pl\/index.php?rest_route=\/wp\/v2\/types\/page"}],"author":[{"embeddable":true,"href":"https:\/\/hyggeconcept.realizacjewww.pl\/index.php?rest_route=\/wp\/v2\/users\/1"}],"replies":[{"embeddable":true,"href":"https:\/\/hyggeconcept.realizacjewww.pl\/index.php?rest_route=%2Fwp%2Fv2%2Fcomments&post=15893"}],"version-history":[{"count":10,"href":"https:\/\/hyggeconcept.realizacjewww.pl\/index.php?rest_route=\/wp\/v2\/pages\/15893\/revisions"}],"predecessor-version":[{"id":16286,"href":"https:\/\/hyggeconcept.realizacjewww.pl\/index.php?rest_route=\/wp\/v2\/pages\/15893\/revisions\/16286"}],"wp:attachment":[{"href":"https:\/\/hyggeconcept.realizacjewww.pl\/index.php?rest_route=%2Fwp%2Fv2%2Fmedia&parent=15893"}],"curies":[{"name":"wp","href":"https:\/\/api.w.org\/{rel}","templated":true}]}}