{"id":15902,"date":"2023-09-26T13:28:26","date_gmt":"2023-09-26T11:28:26","guid":{"rendered":"http:\/\/hyggeconcept.realizacjewww.pl\/?page_id=15902"},"modified":"2023-11-27T08:00:56","modified_gmt":"2023-11-27T07:00:56","slug":"skad-pomysl","status":"publish","type":"page","link":"https:\/\/hyggeconcept.realizacjewww.pl\/?page_id=15902","title":{"rendered":"Sk\u0105d pomys\u0142?"},"content":{"rendered":"\t\t<div data-elementor-type=\"wp-page\" data-elementor-id=\"15902\" class=\"elementor elementor-15902\" data-elementor-post-type=\"page\">\n\t\t\t\t\t\t\t\t\t<section class=\"elementor-section elementor-top-section elementor-element elementor-element-e4ade34 elementor-section-full_width elementor-section-stretched elementor-section-height-default elementor-section-height-default wd-section-disabled\" data-id=\"e4ade34\" data-element_type=\"section\" data-settings=\"{&quot;stretch_section&quot;:&quot;section-stretched&quot;}\">\n\t\t\t\t\t\t<div class=\"elementor-container elementor-column-gap-default\">\n\t\t\t\t\t<div class=\"elementor-column elementor-col-100 elementor-top-column elementor-element elementor-element-cffb63c\" data-id=\"cffb63c\" data-element_type=\"column\">\n\t\t\t<div class=\"elementor-widget-wrap elementor-element-populated\">\n\t\t\t\t\t\t\t\t<div class=\"elementor-element elementor-element-1488307 elementor-pagination-position-inside elementor-arrows-position-inside elementor-widget elementor-widget-image-carousel\" data-id=\"1488307\" data-element_type=\"widget\" data-settings=\"{&quot;slides_to_show&quot;:&quot;1&quot;,&quot;navigation&quot;:&quot;both&quot;,&quot;autoplay&quot;:&quot;yes&quot;,&quot;pause_on_hover&quot;:&quot;yes&quot;,&quot;pause_on_interaction&quot;:&quot;yes&quot;,&quot;autoplay_speed&quot;:5000,&quot;infinite&quot;:&quot;yes&quot;,&quot;effect&quot;:&quot;slide&quot;,&quot;speed&quot;:500}\" data-widget_type=\"image-carousel.default\">\n\t\t\t\t<div class=\"elementor-widget-container\">\n\t\t\t<style>\/*! elementor - v3.15.0 - 09-08-2023 *\/\n.elementor-widget-image-carousel .swiper,.elementor-widget-image-carousel .swiper-container{position:static}.elementor-widget-image-carousel .swiper-container .swiper-slide figure,.elementor-widget-image-carousel .swiper .swiper-slide figure{line-height:inherit}.elementor-widget-image-carousel .swiper-slide{text-align:center}.elementor-image-carousel-wrapper:not(.swiper-container-initialized):not(.swiper-initialized) .swiper-slide{max-width:calc(100% \/ var(--e-image-carousel-slides-to-show, 3))}<\/style>\t\t<div class=\"elementor-image-carousel-wrapper swiper\" dir=\"ltr\">\n\t\t\t<div class=\"elementor-image-carousel swiper-wrapper\" aria-live=\"off\">\n\t\t\t\t\t\t\t\t<div class=\"swiper-slide\" role=\"group\" aria-roledescription=\"slide\" aria-label=\"1 of 3\"><figure class=\"swiper-slide-inner\"><img decoding=\"async\" class=\"swiper-slide-image\" src=\"https:\/\/hyggeconcept.realizacjewww.pl\/wp-content\/uploads\/2023\/11\/SLIDER_czarny.webp\" alt=\"SLIDER_czarny\" \/><\/figure><\/div><div class=\"swiper-slide\" role=\"group\" aria-roledescription=\"slide\" aria-label=\"2 of 3\"><figure class=\"swiper-slide-inner\"><img decoding=\"async\" class=\"swiper-slide-image\" src=\"https:\/\/hyggeconcept.realizacjewww.pl\/wp-content\/uploads\/2021\/09\/slider-kopia-scaled.webp\" alt=\"slider kopia\" \/><\/figure><\/div><div class=\"swiper-slide\" role=\"group\" aria-roledescription=\"slide\" aria-label=\"3 of 3\"><figure class=\"swiper-slide-inner\"><img decoding=\"async\" class=\"swiper-slide-image\" src=\"https:\/\/hyggeconcept.realizacjewww.pl\/wp-content\/uploads\/2021\/09\/slider_2-kopia-scaled.webp\" alt=\"slider_2 kopia\" \/><\/figure><\/div>\t\t\t<\/div>\n\t\t\t\t\t\t\t\t\t\t\t\t<div class=\"elementor-swiper-button elementor-swiper-button-prev\" role=\"button\" tabindex=\"0\">\n\t\t\t\t\t\t<i aria-hidden=\"true\" class=\"eicon-chevron-left\"><\/i>\t\t\t\t\t<\/div>\n\t\t\t\t\t<div class=\"elementor-swiper-button elementor-swiper-button-next\" role=\"button\" tabindex=\"0\">\n\t\t\t\t\t\t<i aria-hidden=\"true\" class=\"eicon-chevron-right\"><\/i>\t\t\t\t\t<\/div>\n\t\t\t\t\n\t\t\t\t\t\t\t\t\t<div class=\"swiper-pagination\"><\/div>\n\t\t\t\t\t\t\t\t\t<\/div>\n\t\t\t\t<\/div>\n\t\t\t\t<\/div>\n\t\t\t\t\t<\/div>\n\t\t<\/div>\n\t\t\t\t\t\t\t<\/div>\n\t\t<\/section>\n\t\t\t\t<section class=\"elementor-section elementor-top-section elementor-element elementor-element-2fbe386 elementor-section-full_width wd-section-stretch-content elementor-section-height-default elementor-section-height-default\" data-id=\"2fbe386\" data-element_type=\"section\" data-settings=\"{&quot;background_background&quot;:&quot;classic&quot;}\">\n\t\t\t\t\t\t<div class=\"elementor-container elementor-column-gap-default\">\n\t\t\t\t\t<div class=\"elementor-column elementor-col-50 elementor-top-column elementor-element elementor-element-bb1bf65 wd-parallax-on-scroll wd_scroll_y_50 wd_scroll_smoothness_30\" data-id=\"bb1bf65\" data-element_type=\"column\">\n\t\t\t<div class=\"elementor-widget-wrap elementor-element-populated\">\n\t\t\t\t\t\t\t\t\t<link rel=\"stylesheet\" id=\"wd-int-el-animations-css\" href=\"https:\/\/hyggeconcept.realizacjewww.pl\/wp-content\/themes\/woodmart\/css\/parts\/int-elem-el-animations.min.css?ver=7.2.5\" type=\"text\/css\" media=\"all\" \/> \t\t\t\t\t<div class=\"elementor-element elementor-element-3ae17d8 elementor-invisible elementor-widget elementor-widget-wd_title\" data-id=\"3ae17d8\" data-element_type=\"widget\" data-settings=\"{&quot;_animation&quot;:&quot;fadeInUp&quot;}\" data-widget_type=\"wd_title.default\">\n\t\t\t\t<div class=\"elementor-widget-container\">\n\t\t\t\t\t\t<link rel=\"stylesheet\" id=\"wd-section-title-css\" href=\"https:\/\/hyggeconcept.realizacjewww.pl\/wp-content\/themes\/woodmart\/css\/parts\/el-section-title.min.css?ver=7.2.5\" type=\"text\/css\" media=\"all\" \/> \t\t\t\t\t<div class=\"title-wrapper set-mb-s reset-last-child wd-title-color-default wd-title-style-default wd-title-size-default text-left\">\n\n\t\t\t\t\t\t\t<div class=\"title-subtitle subtitle-color-default subtitle-style-default wd-fontsize-xs\">\n\t\t\t\t\tCze\u015b\u0107\t\t\t\t<\/div>\n\t\t\t\n\t\t\t<div class=\"liner-continer\">\n\t\t\t\t<h4 class=\"woodmart-title-container title wd-fontsize-l\">Jeste\u015bmy AIO!<\/h4> \n\t\t\t\t\t\t\t<\/div>\n\n\t\t\t\t\t<\/div>\n\t\t\t\t<\/div>\n\t\t\t\t<\/div>\n\t\t\t\t<div class=\"elementor-element elementor-element-93eb0c2 color-scheme-inherit text-left elementor-invisible elementor-widget elementor-widget-text-editor\" data-id=\"93eb0c2\" data-element_type=\"widget\" data-settings=\"{&quot;_animation&quot;:&quot;fadeInUp&quot;}\" data-widget_type=\"text-editor.default\">\n\t\t\t\t<div class=\"elementor-widget-container\">\n\t\t\t<style>\/*! elementor - v3.15.0 - 09-08-2023 *\/\n.elementor-widget-text-editor.elementor-drop-cap-view-stacked .elementor-drop-cap{background-color:#69727d;color:#fff}.elementor-widget-text-editor.elementor-drop-cap-view-framed .elementor-drop-cap{color:#69727d;border:3px solid;background-color:transparent}.elementor-widget-text-editor:not(.elementor-drop-cap-view-default) .elementor-drop-cap{margin-top:8px}.elementor-widget-text-editor:not(.elementor-drop-cap-view-default) .elementor-drop-cap-letter{width:1em;height:1em}.elementor-widget-text-editor .elementor-drop-cap{float:left;text-align:center;line-height:1;font-size:50px}.elementor-widget-text-editor .elementor-drop-cap-letter{display:inline-block}<\/style>\t\t\t\t<p>Jeste\u015bmy Marcin, Robert, Wojtek &#8211; jeste\u015bmy AIO. Jeste\u015bmy paczk\u0105 przyjaci\u00f3\u0142, kt\u00f3rzy spotkali si\u0119 dawno w odpowiednim miejscu i czasie. Marcin, wizjoner, dumny w\u0142a\u015bciciel charcika w\u0142oskiego Henryka. Robert, od ca\u0142ej papierkowej roboty, w\u0142a\u015bciciel kotki Florence. Wojtek, do\u015bwiadczony w pracy z kosmetykami naturalnymi, w\u0142a\u015bciciel 6-letniego Antka, psa rasy beagle. Nasz\u0105 pasj\u0105 jest mi\u0142o\u015b\u0107 do zwierz\u0105t oraz moc natury. Jeste\u015bmy polskim producentem naturalnych, wega\u0144skich i luksusowych produkt\u00f3w piel\u0119gnacyjnych dla ps\u00f3w i kot\u00f3w. Nasi czworono\u017cni przyjaciele, tak samo jak my, zas\u0142uguj\u0105 na bezpieczn\u0105, przyjazn\u0105 \u015brodowisku a zarazem skuteczn\u0105 piel\u0119gnacj\u0119, dlatego nasze produkty oparte s\u0105 wy\u0142\u0105cznie na wysokiej jako\u015bci sk\u0142adnikach naturalnych. \u0141\u0105czymy dobro\u0107 natury ze efektywno\u015bci\u0105 technologii. Produkty AIO NATURE powstaj\u0105 w oparciu o innowacyjne techniki pozyskiwania ekstrakt\u00f3w, olei i ca\u0142ych kompleks\u00f3w ro\u015blinnych, kt\u00f3re zapewniaj\u0105 skuteczne dzia\u0142anie.<\/p>\t\t\t\t\t\t<\/div>\n\t\t\t\t<\/div>\n\t\t\t\t\t<\/div>\n\t\t<\/div>\n\t\t\t\t<div class=\"elementor-column elementor-col-50 elementor-top-column elementor-element elementor-element-e86a9c1\" data-id=\"e86a9c1\" data-element_type=\"column\" data-settings=\"{&quot;background_background&quot;:&quot;classic&quot;,&quot;background_motion_fx_motion_fx_scrolling&quot;:&quot;yes&quot;,&quot;background_motion_fx_translateY_effect&quot;:&quot;yes&quot;,&quot;background_motion_fx_devices&quot;:[&quot;desktop&quot;],&quot;background_motion_fx_translateY_speed&quot;:{&quot;unit&quot;:&quot;px&quot;,&quot;size&quot;:4,&quot;sizes&quot;:[]},&quot;background_motion_fx_translateY_affectedRange&quot;:{&quot;unit&quot;:&quot;%&quot;,&quot;size&quot;:&quot;&quot;,&quot;sizes&quot;:{&quot;start&quot;:0,&quot;end&quot;:100}}}\">\n\t\t\t<div class=\"elementor-widget-wrap elementor-element-populated\">\n\t\t\t\t\t\t\t\t<div class=\"elementor-element elementor-element-0416e72 elementor-widget elementor-widget-spacer\" data-id=\"0416e72\" data-element_type=\"widget\" data-widget_type=\"spacer.default\">\n\t\t\t\t<div class=\"elementor-widget-container\">\n\t\t\t<style>\/*! elementor - v3.15.0 - 09-08-2023 *\/\n.elementor-column .elementor-spacer-inner{height:var(--spacer-size)}.e-con{--container-widget-width:100%}.e-con-inner>.elementor-widget-spacer,.e-con>.elementor-widget-spacer{width:var(--container-widget-width,var(--spacer-size));--align-self:var(--container-widget-align-self,initial);--flex-shrink:0}.e-con-inner>.elementor-widget-spacer>.elementor-widget-container,.e-con-inner>.elementor-widget-spacer>.elementor-widget-container>.elementor-spacer,.e-con>.elementor-widget-spacer>.elementor-widget-container,.e-con>.elementor-widget-spacer>.elementor-widget-container>.elementor-spacer{height:100%}.e-con-inner>.elementor-widget-spacer>.elementor-widget-container>.elementor-spacer>.elementor-spacer-inner,.e-con>.elementor-widget-spacer>.elementor-widget-container>.elementor-spacer>.elementor-spacer-inner{height:var(--container-widget-height,var(--spacer-size))}<\/style>\t\t<div class=\"elementor-spacer\">\n\t\t\t<div class=\"elementor-spacer-inner\"><\/div>\n\t\t<\/div>\n\t\t\t\t<\/div>\n\t\t\t\t<\/div>\n\t\t\t\t\t<\/div>\n\t\t<\/div>\n\t\t\t\t\t\t\t<\/div>\n\t\t<\/section>\n\t\t\t\t<section class=\"elementor-section elementor-top-section elementor-element elementor-element-32b12d3 wd-section-stretch-content elementor-section-full_width elementor-section-height-default elementor-section-height-default\" data-id=\"32b12d3\" data-element_type=\"section\" data-settings=\"{&quot;background_background&quot;:&quot;classic&quot;}\">\n\t\t\t\t\t\t<div class=\"elementor-container elementor-column-gap-default\">\n\t\t\t\t\t<div class=\"elementor-column elementor-col-50 elementor-top-column elementor-element elementor-element-44d0012\" data-id=\"44d0012\" data-element_type=\"column\">\n\t\t\t<div class=\"elementor-widget-wrap elementor-element-populated\">\n\t\t\t\t\t\t\t\t<div class=\"elementor-element elementor-element-8198a75 wd-parallax-on-scroll wd_scroll_y_80 wd_scroll_smoothness_30 elementor-widget elementor-widget-wd_image_or_svg\" data-id=\"8198a75\" data-element_type=\"widget\" data-widget_type=\"wd_image_or_svg.default\">\n\t\t\t\t<div class=\"elementor-widget-container\">\n\t\t\t\n\t\t<div class=\"wd-image text-left\">\n\t\t\t\t\t\t\t\t<img loading=\"lazy\" decoding=\"async\" width=\"950\" height=\"750\" src=\"https:\/\/hyggeconcept.realizacjewww.pl\/wp-content\/uploads\/2023\/08\/Fota-2.jpg\" class=\"attachment-full size-full wp-image-15663\" alt=\"\" srcset=\"https:\/\/hyggeconcept.realizacjewww.pl\/wp-content\/uploads\/2023\/08\/Fota-2.jpg 950w, https:\/\/hyggeconcept.realizacjewww.pl\/wp-content\/uploads\/2023\/08\/Fota-2-380x300.jpg 380w, https:\/\/hyggeconcept.realizacjewww.pl\/wp-content\/uploads\/2023\/08\/Fota-2-768x606.jpg 768w, https:\/\/hyggeconcept.realizacjewww.pl\/wp-content\/uploads\/2023\/08\/Fota-2-860x679.jpg 860w, https:\/\/hyggeconcept.realizacjewww.pl\/wp-content\/uploads\/2023\/08\/Fota-2-430x339.jpg 430w, https:\/\/hyggeconcept.realizacjewww.pl\/wp-content\/uploads\/2023\/08\/Fota-2-700x553.jpg 700w, https:\/\/hyggeconcept.realizacjewww.pl\/wp-content\/uploads\/2023\/08\/Fota-2-150x118.jpg 150w\" sizes=\"auto, (max-width: 950px) 100vw, 950px\" \/>\t\t\t\t\t<\/div>\n\n\t\t\t\t<\/div>\n\t\t\t\t<\/div>\n\t\t\t\t\t<\/div>\n\t\t<\/div>\n\t\t\t\t<div class=\"elementor-column elementor-col-50 elementor-top-column elementor-element elementor-element-364caee wd-parallax-on-scroll wd_scroll_y_-30 wd_scroll_smoothness_30\" data-id=\"364caee\" data-element_type=\"column\">\n\t\t\t<div class=\"elementor-widget-wrap elementor-element-populated\">\n\t\t\t\t\t\t\t\t<div class=\"elementor-element elementor-element-6801d7c color-scheme-inherit text-left elementor-invisible elementor-widget elementor-widget-text-editor\" data-id=\"6801d7c\" data-element_type=\"widget\" data-settings=\"{&quot;_animation&quot;:&quot;fadeInUp&quot;}\" data-widget_type=\"text-editor.default\">\n\t\t\t\t<div class=\"elementor-widget-container\">\n\t\t\t\t\t\t\t<p>Pomys\u0142 na AIO NATURE zrodzi\u0142 si\u0119 w naszych g\u0142owach jaki\u015b czas temu. Kie\u0142kowa\u0142, rozwia\u0142 si\u0119 i modyfikowa\u0142 aby jak najprecyzyjniej trafi\u0107 w potrzeby naszych czworono\u017cnych Klient\u00f3w i ich Opiekun\u00f3w. Opracowanie receptur naszych produkt\u00f3w poprzedzone by\u0142o d\u0142ugimi godzinami rozm\u00f3w z groomerami, psimi behawiorystami, weterynarzami a przede wszystkim z naszymi znajomymi, posiadaczami ps\u00f3w i kot\u00f3w, kt\u00f3rzy dzieli si\u0119 z nami swoimi spostrze\u017ceniami i uwagami zwi\u0105zanymi z dotychczasow\u0105 piel\u0119gnacj\u0105 swoich zwierz\u0105t. W odpowiedzi na ich potrzeby powsta\u0142a gama produkt\u00f3w AIO, kt\u00f3re nie tylko dzia\u0142aj\u0105 i s\u0105 bezpieczne ale te\u017c pachn\u0105 przyja\u017anie dla zwierz\u0105t oraz ich opiekun\u00f3w, dobrze si\u0119 pieni\u0105, maj\u0105 przyjemne w stosowaniu konsystencje. \u0141\u0105czymy potrzeby czworonog\u00f3w i ich w\u0142a\u015bcicieli a gotowe rozwi\u0105zania przedstawiamy w zamkni\u0119tych szklanych opakowaniach. Zapachy AIO oparte s\u0105 g\u0142\u00f3wnie na olejkach eterycznych bezpiecznych i dobrze odbieranych przez psy i koty. Bywa, \u017ce k\u0105piel pupila to nie lada stres dla ps\u00f3w a nie\u0142atwe zadanie dla ludzi, dlatego wierzymy, \u017ce dzi\u0119ki starannie dobranym konsystencjom i zapachom pomo\u017cemy w zminimalizowaniu l\u0119ku u czworonog\u00f3w a przy tym wywo\u0142amy u\u015bmiech na twarzach naszych Klient\u00f3w i sprawimy, \u017ce ich psie-obowi\u0105zki stan\u0105 si\u0119 przyjemniejsze.<\/p><p>Dbamy o komfort naszych zwierz\u0119cych przyjaci\u00f3\u0142, dlatego nie bez powodu nasze produkty znajduj\u0105 si\u0119 w szklanych opakowaniach w kolorze niebieskim. Podczas gdy ludzkie oko w t\u0119czy rozr\u00f3\u017cnia 6 kolor\u00f3w, psy widz\u0105 tylko w odcieniach niebieskiego, \u017c\u00f3\u0142ci i szaro\u015bci. Niebieski w ich oczach mo\u017ce przyjmowa\u0107 odcie\u0144 od granatu po jasnob\u0142\u0119kitny, a \u017c\u00f3\u0142ty od jasnego z\u0142ota po ciemny br\u0105z. To jak widz\u0105 psy ma ogromny wp\u0142yw na ich codzienne zachowanie. R\u00f3\u017cnie reaguj\u0105 one na nowe przedmioty, kt\u00f3re znajduj\u0105 si\u0119 w ich otoczeniu. Potrzebuj\u0105 czasem wi\u0119cej czasu aby si\u0119 z nimi oswoi\u0107\u2026 no chyba, \u017ce s\u0105 to nowe miski na pyszne jedzenie! \ud83d\ude42 W trosce o pupili, wybrali\u015bmy kolor, kt\u00f3ry b\u0119dzie im w tym pomaga\u0142\u2026 a na pewno nie utrudnia\u0142.<\/p>\t\t\t\t\t\t<\/div>\n\t\t\t\t<\/div>\n\t\t\t\t\t<\/div>\n\t\t<\/div>\n\t\t\t\t\t\t\t<\/div>\n\t\t<\/section>\n\t\t\t\t\t\t\t<\/div>\n\t\t","protected":false},"excerpt":{"rendered":"<p>Cze\u015b\u0107 Jeste\u015bmy AIO! Jeste\u015bmy Marcin, Robert, Wojtek &#8211; jeste\u015bmy AIO. Jeste\u015bmy paczk\u0105 przyjaci\u00f3\u0142, kt\u00f3rzy spotkali si\u0119 dawno w odpowiednim miejscu<\/p>\n","protected":false},"author":1,"featured_media":0,"parent":0,"menu_order":0,"comment_status":"closed","ping_status":"closed","template":"","meta":{"inline_featured_image":false,"footnotes":""},"class_list":["post-15902","page","type-page","status-publish","hentry"],"_links":{"self":[{"href":"https:\/\/hyggeconcept.realizacjewww.pl\/index.php?rest_route=\/wp\/v2\/pages\/15902","targetHints":{"allow":["GET"]}}],"collection":[{"href":"https:\/\/hyggeconcept.realizacjewww.pl\/index.php?rest_route=\/wp\/v2\/pages"}],"about":[{"href":"https:\/\/hyggeconcept.realizacjewww.pl\/index.php?rest_route=\/wp\/v2\/types\/page"}],"author":[{"embeddable":true,"href":"https:\/\/hyggeconcept.realizacjewww.pl\/index.php?rest_route=\/wp\/v2\/users\/1"}],"replies":[{"embeddable":true,"href":"https:\/\/hyggeconcept.realizacjewww.pl\/index.php?rest_route=%2Fwp%2Fv2%2Fcomments&post=15902"}],"version-history":[{"count":7,"href":"https:\/\/hyggeconcept.realizacjewww.pl\/index.php?rest_route=\/wp\/v2\/pages\/15902\/revisions"}],"predecessor-version":[{"id":16283,"href":"https:\/\/hyggeconcept.realizacjewww.pl\/index.php?rest_route=\/wp\/v2\/pages\/15902\/revisions\/16283"}],"wp:attachment":[{"href":"https:\/\/hyggeconcept.realizacjewww.pl\/index.php?rest_route=%2Fwp%2Fv2%2Fmedia&parent=15902"}],"curies":[{"name":"wp","href":"https:\/\/api.w.org\/{rel}","templated":true}]}}