{"id":15918,"date":"2023-09-26T13:37:50","date_gmt":"2023-09-26T11:37:50","guid":{"rendered":"http:\/\/hyggeconcept.realizacjewww.pl\/?page_id=15918"},"modified":"2023-11-27T08:01:27","modified_gmt":"2023-11-27T07:01:27","slug":"gwarancja-jakosci","status":"publish","type":"page","link":"https:\/\/hyggeconcept.realizacjewww.pl\/?page_id=15918","title":{"rendered":"Gwarancja jako\u015bci"},"content":{"rendered":"\t\t<div data-elementor-type=\"wp-page\" data-elementor-id=\"15918\" class=\"elementor elementor-15918\" data-elementor-post-type=\"page\">\n\t\t\t\t\t\t\t\t\t<section class=\"elementor-section elementor-top-section elementor-element elementor-element-be104c9 elementor-section-full_width elementor-section-stretched elementor-section-height-default elementor-section-height-default wd-section-disabled\" data-id=\"be104c9\" data-element_type=\"section\" data-settings=\"{&quot;stretch_section&quot;:&quot;section-stretched&quot;}\">\n\t\t\t\t\t\t<div class=\"elementor-container elementor-column-gap-default\">\n\t\t\t\t\t<div class=\"elementor-column elementor-col-100 elementor-top-column elementor-element elementor-element-11f2c0c\" data-id=\"11f2c0c\" data-element_type=\"column\">\n\t\t\t<div class=\"elementor-widget-wrap elementor-element-populated\">\n\t\t\t\t\t\t\t\t<div class=\"elementor-element elementor-element-cfa0dac elementor-pagination-position-inside elementor-arrows-position-inside elementor-widget elementor-widget-image-carousel\" data-id=\"cfa0dac\" data-element_type=\"widget\" data-settings=\"{&quot;slides_to_show&quot;:&quot;1&quot;,&quot;navigation&quot;:&quot;both&quot;,&quot;autoplay&quot;:&quot;yes&quot;,&quot;pause_on_hover&quot;:&quot;yes&quot;,&quot;pause_on_interaction&quot;:&quot;yes&quot;,&quot;autoplay_speed&quot;:5000,&quot;infinite&quot;:&quot;yes&quot;,&quot;effect&quot;:&quot;slide&quot;,&quot;speed&quot;:500}\" data-widget_type=\"image-carousel.default\">\n\t\t\t\t<div class=\"elementor-widget-container\">\n\t\t\t<style>\/*! elementor - v3.15.0 - 09-08-2023 *\/\n.elementor-widget-image-carousel .swiper,.elementor-widget-image-carousel .swiper-container{position:static}.elementor-widget-image-carousel .swiper-container .swiper-slide figure,.elementor-widget-image-carousel .swiper .swiper-slide figure{line-height:inherit}.elementor-widget-image-carousel .swiper-slide{text-align:center}.elementor-image-carousel-wrapper:not(.swiper-container-initialized):not(.swiper-initialized) .swiper-slide{max-width:calc(100% \/ var(--e-image-carousel-slides-to-show, 3))}<\/style>\t\t<div class=\"elementor-image-carousel-wrapper swiper\" dir=\"ltr\">\n\t\t\t<div class=\"elementor-image-carousel swiper-wrapper\" aria-live=\"off\">\n\t\t\t\t\t\t\t\t<div class=\"swiper-slide\" role=\"group\" aria-roledescription=\"slide\" aria-label=\"1 of 3\"><figure class=\"swiper-slide-inner\"><img decoding=\"async\" class=\"swiper-slide-image\" src=\"https:\/\/hyggeconcept.realizacjewww.pl\/wp-content\/uploads\/2023\/11\/SLIDER_czarny.webp\" alt=\"SLIDER_czarny\" \/><\/figure><\/div><div class=\"swiper-slide\" role=\"group\" aria-roledescription=\"slide\" aria-label=\"2 of 3\"><figure class=\"swiper-slide-inner\"><img decoding=\"async\" class=\"swiper-slide-image\" src=\"https:\/\/hyggeconcept.realizacjewww.pl\/wp-content\/uploads\/2021\/09\/slider-kopia-scaled.webp\" alt=\"slider kopia\" \/><\/figure><\/div><div class=\"swiper-slide\" role=\"group\" aria-roledescription=\"slide\" aria-label=\"3 of 3\"><figure class=\"swiper-slide-inner\"><img decoding=\"async\" class=\"swiper-slide-image\" src=\"https:\/\/hyggeconcept.realizacjewww.pl\/wp-content\/uploads\/2021\/09\/slider_2-kopia-scaled.webp\" alt=\"slider_2 kopia\" \/><\/figure><\/div>\t\t\t<\/div>\n\t\t\t\t\t\t\t\t\t\t\t\t<div class=\"elementor-swiper-button elementor-swiper-button-prev\" role=\"button\" tabindex=\"0\">\n\t\t\t\t\t\t<i aria-hidden=\"true\" class=\"eicon-chevron-left\"><\/i>\t\t\t\t\t<\/div>\n\t\t\t\t\t<div class=\"elementor-swiper-button elementor-swiper-button-next\" role=\"button\" tabindex=\"0\">\n\t\t\t\t\t\t<i aria-hidden=\"true\" class=\"eicon-chevron-right\"><\/i>\t\t\t\t\t<\/div>\n\t\t\t\t\n\t\t\t\t\t\t\t\t\t<div class=\"swiper-pagination\"><\/div>\n\t\t\t\t\t\t\t\t\t<\/div>\n\t\t\t\t<\/div>\n\t\t\t\t<\/div>\n\t\t\t\t\t<\/div>\n\t\t<\/div>\n\t\t\t\t\t\t\t<\/div>\n\t\t<\/section>\n\t\t\t\t<section class=\"elementor-section elementor-top-section elementor-element elementor-element-2fbe386 elementor-section-full_width wd-section-stretch-content elementor-section-height-default elementor-section-height-default\" data-id=\"2fbe386\" data-element_type=\"section\" data-settings=\"{&quot;background_background&quot;:&quot;classic&quot;}\">\n\t\t\t\t\t\t<div class=\"elementor-container elementor-column-gap-default\">\n\t\t\t\t\t<div class=\"elementor-column elementor-col-50 elementor-top-column elementor-element elementor-element-bb1bf65 wd-parallax-on-scroll wd_scroll_y_50 wd_scroll_smoothness_30\" data-id=\"bb1bf65\" data-element_type=\"column\">\n\t\t\t<div class=\"elementor-widget-wrap elementor-element-populated\">\n\t\t\t\t\t\t\t\t\t<link rel=\"stylesheet\" id=\"wd-int-el-animations-css\" href=\"https:\/\/hyggeconcept.realizacjewww.pl\/wp-content\/themes\/woodmart\/css\/parts\/int-elem-el-animations.min.css?ver=7.2.5\" type=\"text\/css\" media=\"all\" \/> \t\t\t\t\t<div class=\"elementor-element elementor-element-3ae17d8 elementor-invisible elementor-widget elementor-widget-wd_title\" data-id=\"3ae17d8\" data-element_type=\"widget\" data-settings=\"{&quot;_animation&quot;:&quot;fadeInUp&quot;}\" data-widget_type=\"wd_title.default\">\n\t\t\t\t<div class=\"elementor-widget-container\">\n\t\t\t\t\t\t<link rel=\"stylesheet\" id=\"wd-section-title-css\" href=\"https:\/\/hyggeconcept.realizacjewww.pl\/wp-content\/themes\/woodmart\/css\/parts\/el-section-title.min.css?ver=7.2.5\" type=\"text\/css\" media=\"all\" \/> \t\t\t\t\t<div class=\"title-wrapper set-mb-s reset-last-child wd-title-color-default wd-title-style-default wd-title-size-default text-left\">\n\n\t\t\t\t\t\t\t<div class=\"title-subtitle subtitle-color-default subtitle-style-default wd-fontsize-xs\">\n\t\t\t\t\tGwarancja\t\t\t\t<\/div>\n\t\t\t\n\t\t\t<div class=\"liner-continer\">\n\t\t\t\t<h4 class=\"woodmart-title-container title wd-fontsize-l\">Jako\u015bci i bezpiecze\u0144stwa<\/h4> \n\t\t\t\t\t\t\t<\/div>\n\n\t\t\t\t\t<\/div>\n\t\t\t\t<\/div>\n\t\t\t\t<\/div>\n\t\t\t\t<div class=\"elementor-element elementor-element-93eb0c2 color-scheme-inherit text-left elementor-invisible elementor-widget elementor-widget-text-editor\" data-id=\"93eb0c2\" data-element_type=\"widget\" data-settings=\"{&quot;_animation&quot;:&quot;fadeInUp&quot;}\" data-widget_type=\"text-editor.default\">\n\t\t\t\t<div class=\"elementor-widget-container\">\n\t\t\t<style>\/*! elementor - v3.15.0 - 09-08-2023 *\/\n.elementor-widget-text-editor.elementor-drop-cap-view-stacked .elementor-drop-cap{background-color:#69727d;color:#fff}.elementor-widget-text-editor.elementor-drop-cap-view-framed .elementor-drop-cap{color:#69727d;border:3px solid;background-color:transparent}.elementor-widget-text-editor:not(.elementor-drop-cap-view-default) .elementor-drop-cap{margin-top:8px}.elementor-widget-text-editor:not(.elementor-drop-cap-view-default) .elementor-drop-cap-letter{width:1em;height:1em}.elementor-widget-text-editor .elementor-drop-cap{float:left;text-align:center;line-height:1;font-size:50px}.elementor-widget-text-editor .elementor-drop-cap-letter{display:inline-block}<\/style>\t\t\t\t<p>Nasze receptury powsta\u0142y we wsp\u00f3\u0142pracy z technologami marki {iossi}, pionierem w dziedzinie piel\u0119gnacji naturalnej. Pracuj\u0105c nad produktami AIO mo\u017cemy korzysta\u0107 z ich przestrzeni laboratoryjnej i produkcyjnej oraz profesjonalnego wsparcia technolog\u00f3w. To dla nas bardzo wa\u017cne, bo dzi\u0119ki temu mamy pe\u0142n\u0105 kontrol\u0119 nad tym jak powstaj\u0105 nasze produkty oraz mo\u017cemy zagwarantowa\u0107 Wam i Waszym czworono\u017cnym przyjacio\u0142om, \u017ce wszystkie etapy wytwarzania, przechowywania i pakowania produkt\u00f3w oraz wszelkich surowc\u00f3w odbywaj\u0105 si\u0119 zgodnie z zasadami Good Manufacturing Practices (GMP) wed\u0142ug normy ISO 22716.<\/p><p><br \/>Powr\u00f3t do natury i ochrona \u015brodowiska, to dla nas nie tylko has\u0142a ale najlepsza recepta na zdrowy wygl\u0105d sier\u015bci zwierz\u0105t, dlatego nie stosujemy barwnik\u00f3w, paraben\u00f3w, ftalan\u00f3w, silikon\u00f3w, SLS oraz PEG, PPG). Nasze produkty s\u0105 100% wega\u0144skie, dlatego nie u\u017cywamy surowc\u00f3w odzwierz\u0119cych ani pochodzenia zwierz\u0119cego a zast\u0119pujemy je ro\u015blinnymi odpowiednikami, kt\u00f3re daje nam Matka Ziemia. Obok skuteczno\u015bci i jako\u015bci, to bezpiecze\u0144stwo w stosowaniu produkt\u00f3w na naszych zwierz\u0119tach jest dla nas najwa\u017cniejsze, dlatego produkty AIO maj\u0105 dostosowane pH sk\u00f3ry zwierz\u0105t i wynosi 7,0-7,5. Posiadamy certyfikaty, \u017ce \u017caden z surowc\u00f3w wykorzystywany do produkcji produkt\u00f3w AIO nie by\u0142 testowany na zwierz\u0119tach oraz certyfikaty potwierdzaj\u0105ce jako\u015b surowca. Wszystkie nasze produkty przechodz\u0105 badania laboratoryjne (nie na zwierz\u0119tach), kt\u00f3re przechodz\u0105 kosmetyki stworzone dla ludzi &#8211; badanie kompatyblino\u015bci, i co tam jeszcze<\/p>\t\t\t\t\t\t<\/div>\n\t\t\t\t<\/div>\n\t\t\t\t\t<\/div>\n\t\t<\/div>\n\t\t\t\t<div class=\"elementor-column elementor-col-50 elementor-top-column elementor-element elementor-element-e86a9c1\" data-id=\"e86a9c1\" data-element_type=\"column\" data-settings=\"{&quot;background_background&quot;:&quot;classic&quot;,&quot;background_motion_fx_motion_fx_scrolling&quot;:&quot;yes&quot;,&quot;background_motion_fx_translateY_effect&quot;:&quot;yes&quot;,&quot;background_motion_fx_devices&quot;:[&quot;desktop&quot;],&quot;background_motion_fx_translateY_speed&quot;:{&quot;unit&quot;:&quot;px&quot;,&quot;size&quot;:4,&quot;sizes&quot;:[]},&quot;background_motion_fx_translateY_affectedRange&quot;:{&quot;unit&quot;:&quot;%&quot;,&quot;size&quot;:&quot;&quot;,&quot;sizes&quot;:{&quot;start&quot;:0,&quot;end&quot;:100}}}\">\n\t\t\t<div class=\"elementor-widget-wrap elementor-element-populated\">\n\t\t\t\t\t\t\t\t<div class=\"elementor-element elementor-element-0416e72 elementor-widget elementor-widget-spacer\" data-id=\"0416e72\" data-element_type=\"widget\" data-widget_type=\"spacer.default\">\n\t\t\t\t<div class=\"elementor-widget-container\">\n\t\t\t<style>\/*! elementor - v3.15.0 - 09-08-2023 *\/\n.elementor-column .elementor-spacer-inner{height:var(--spacer-size)}.e-con{--container-widget-width:100%}.e-con-inner>.elementor-widget-spacer,.e-con>.elementor-widget-spacer{width:var(--container-widget-width,var(--spacer-size));--align-self:var(--container-widget-align-self,initial);--flex-shrink:0}.e-con-inner>.elementor-widget-spacer>.elementor-widget-container,.e-con-inner>.elementor-widget-spacer>.elementor-widget-container>.elementor-spacer,.e-con>.elementor-widget-spacer>.elementor-widget-container,.e-con>.elementor-widget-spacer>.elementor-widget-container>.elementor-spacer{height:100%}.e-con-inner>.elementor-widget-spacer>.elementor-widget-container>.elementor-spacer>.elementor-spacer-inner,.e-con>.elementor-widget-spacer>.elementor-widget-container>.elementor-spacer>.elementor-spacer-inner{height:var(--container-widget-height,var(--spacer-size))}<\/style>\t\t<div class=\"elementor-spacer\">\n\t\t\t<div class=\"elementor-spacer-inner\"><\/div>\n\t\t<\/div>\n\t\t\t\t<\/div>\n\t\t\t\t<\/div>\n\t\t\t\t\t<\/div>\n\t\t<\/div>\n\t\t\t\t\t\t\t<\/div>\n\t\t<\/section>\n\t\t\t\t\t\t\t<\/div>\n\t\t","protected":false},"excerpt":{"rendered":"<p>Gwarancja Jako\u015bci i bezpiecze\u0144stwa Nasze receptury powsta\u0142y we wsp\u00f3\u0142pracy z technologami marki {iossi}, pionierem w dziedzinie piel\u0119gnacji naturalnej. Pracuj\u0105c nad<\/p>\n","protected":false},"author":1,"featured_media":0,"parent":0,"menu_order":0,"comment_status":"closed","ping_status":"closed","template":"","meta":{"inline_featured_image":false,"footnotes":""},"class_list":["post-15918","page","type-page","status-publish","hentry"],"_links":{"self":[{"href":"https:\/\/hyggeconcept.realizacjewww.pl\/index.php?rest_route=\/wp\/v2\/pages\/15918","targetHints":{"allow":["GET"]}}],"collection":[{"href":"https:\/\/hyggeconcept.realizacjewww.pl\/index.php?rest_route=\/wp\/v2\/pages"}],"about":[{"href":"https:\/\/hyggeconcept.realizacjewww.pl\/index.php?rest_route=\/wp\/v2\/types\/page"}],"author":[{"embeddable":true,"href":"https:\/\/hyggeconcept.realizacjewww.pl\/index.php?rest_route=\/wp\/v2\/users\/1"}],"replies":[{"embeddable":true,"href":"https:\/\/hyggeconcept.realizacjewww.pl\/index.php?rest_route=%2Fwp%2Fv2%2Fcomments&post=15918"}],"version-history":[{"count":7,"href":"https:\/\/hyggeconcept.realizacjewww.pl\/index.php?rest_route=\/wp\/v2\/pages\/15918\/revisions"}],"predecessor-version":[{"id":16289,"href":"https:\/\/hyggeconcept.realizacjewww.pl\/index.php?rest_route=\/wp\/v2\/pages\/15918\/revisions\/16289"}],"wp:attachment":[{"href":"https:\/\/hyggeconcept.realizacjewww.pl\/index.php?rest_route=%2Fwp%2Fv2%2Fmedia&parent=15918"}],"curies":[{"name":"wp","href":"https:\/\/api.w.org\/{rel}","templated":true}]}}