{"id":16261,"date":"2023-11-23T14:16:42","date_gmt":"2023-11-23T13:16:42","guid":{"rendered":"http:\/\/hyggeconcept.realizacjewww.pl\/?page_id=16261"},"modified":"2023-11-23T14:18:27","modified_gmt":"2023-11-23T13:18:27","slug":"polityka-prywatnosci-2","status":"publish","type":"page","link":"https:\/\/hyggeconcept.realizacjewww.pl\/?page_id=16261","title":{"rendered":"Polityka prywatno\u015bci"},"content":{"rendered":"\t\t<div data-elementor-type=\"wp-page\" data-elementor-id=\"16261\" class=\"elementor elementor-16261\" data-elementor-post-type=\"page\">\n\t\t\t\t\t\t\t\t\t<section class=\"wd-negative-gap elementor-section elementor-top-section elementor-element elementor-element-2fbe386 wd-section-stretch elementor-section-boxed elementor-section-height-default elementor-section-height-default\" data-id=\"2fbe386\" data-element_type=\"section\" data-settings=\"{&quot;background_background&quot;:&quot;classic&quot;}\">\n\t\t\t\t\t\t<div class=\"elementor-container elementor-column-gap-default\">\n\t\t\t\t\t<div class=\"elementor-column elementor-col-100 elementor-top-column elementor-element elementor-element-bb1bf65 wd-parallax-on-scroll wd_scroll_y_50 wd_scroll_smoothness_30\" data-id=\"bb1bf65\" data-element_type=\"column\">\n\t\t\t<div class=\"elementor-widget-wrap elementor-element-populated\">\n\t\t\t\t\t\t\t\t\t<link rel=\"stylesheet\" id=\"wd-int-el-animations-css\" href=\"https:\/\/hyggeconcept.realizacjewww.pl\/wp-content\/themes\/woodmart\/css\/parts\/int-elem-el-animations.min.css?ver=7.2.5\" type=\"text\/css\" media=\"all\" \/> \t\t\t\t\t<div class=\"elementor-element elementor-element-3ae17d8 elementor-invisible elementor-widget elementor-widget-wd_title\" data-id=\"3ae17d8\" data-element_type=\"widget\" data-settings=\"{&quot;_animation&quot;:&quot;fadeInUp&quot;}\" data-widget_type=\"wd_title.default\">\n\t\t\t\t<div class=\"elementor-widget-container\">\n\t\t\t\t\t\t<link rel=\"stylesheet\" id=\"wd-section-title-css\" href=\"https:\/\/hyggeconcept.realizacjewww.pl\/wp-content\/themes\/woodmart\/css\/parts\/el-section-title.min.css?ver=7.2.5\" type=\"text\/css\" media=\"all\" \/> \t\t\t\t\t<div class=\"title-wrapper set-mb-s reset-last-child wd-title-color-default wd-title-style-default wd-title-size-default text-left\">\n\n\t\t\t\n\t\t\t<div class=\"liner-continer\">\n\t\t\t\t<h4 class=\"woodmart-title-container title wd-fontsize-l\">Polityka prywatno\u015bci i cookies<\/h4> \n\t\t\t\t\t\t\t<\/div>\n\n\t\t\t\t\t<\/div>\n\t\t\t\t<\/div>\n\t\t\t\t<\/div>\n\t\t\t\t<div class=\"elementor-element elementor-element-e43ae0b color-scheme-inherit text-left elementor-widget elementor-widget-text-editor\" data-id=\"e43ae0b\" data-element_type=\"widget\" data-widget_type=\"text-editor.default\">\n\t\t\t\t<div class=\"elementor-widget-container\">\n\t\t\t<style>\/*! elementor - v3.15.0 - 09-08-2023 *\/\n.elementor-widget-text-editor.elementor-drop-cap-view-stacked .elementor-drop-cap{background-color:#69727d;color:#fff}.elementor-widget-text-editor.elementor-drop-cap-view-framed .elementor-drop-cap{color:#69727d;border:3px solid;background-color:transparent}.elementor-widget-text-editor:not(.elementor-drop-cap-view-default) .elementor-drop-cap{margin-top:8px}.elementor-widget-text-editor:not(.elementor-drop-cap-view-default) .elementor-drop-cap-letter{width:1em;height:1em}.elementor-widget-text-editor .elementor-drop-cap{float:left;text-align:center;line-height:1;font-size:50px}.elementor-widget-text-editor .elementor-drop-cap-letter{display:inline-block}<\/style>\t\t\t\t<h2><strong>1. Administrator danych i definicje<\/strong><\/h2><p>1.1 Administratorem danych osobowych Klient\u00f3w \/ U\u017cytkownik\u00f3w Sklepu Internetowego, zwany tak\u017ce Sprzedawc\u0105, jest: AIO NATURE Sp\u00f3\u0142ka z Ograniczon\u0105 Odpowiedzialno\u015bci\u0105, NIP<br \/>5342671065, REGON 526878586, ul. D\u0142uga 5, 05-830 Wolica.<\/p><p><br \/>1.2 Z Administratorem danych mo\u017cna kontaktowa\u0107 si\u0119:<br \/>pod adresem korespondencyjnym: ul. D\u0142uga 5, 05-830 Wolica<br \/>pod adresem poczty elektronicznej: biuro@aionature.com<\/p><p>1.3 U\u017cytkownik &#8211; osoba fizyczna wchodz\u0105ca na stron\u0119\/strony Sklepu internetowego lub korzystaj\u0105ca z us\u0142ug lub funkcjonalno\u015bci opisanych w niniejszej Polityce Prywatno\u015bci i Cookies.<\/p><p>1.4 Klient &#8211; osoba fizyczna posiadaj\u0105ca pe\u0142n\u0105 zdolno\u015b\u0107 do czynno\u015bci prawnych, osoba fizyczna b\u0119d\u0105ca Konsumentem, osoba prawna albo jednostka organizacyjna nieposiadaj\u0105ca osobowo\u015bci prawnej, kt\u00f3rej ustawa przyznaje zdolno\u015b\u0107 prawn\u0105, kt\u00f3ra zawiera ze Sprzedawc\u0105 Umow\u0119 sprzeda\u017cy na odleg\u0142o\u015b\u0107.<\/p><p>1.5 Sklep Internetowy &#8211; serwis internetowy prowadzony przez Sprzedawc\u0119, dost\u0119pny pod adresami elektronicznymi (stronami): www.aionature.com za po\u015brednictwem, kt\u00f3rego Klient\/U\u017cytkownik mo\u017ce uzyska\u0107 informacje o Towarze i jego dost\u0119pno\u015bci oraz kupi\u0107 Towar lub zleci\u0107 \u015bwiadczenie us\u0142ugi.<\/p><p>1.6 Newsletter &#8211; informacje, w tym informacje handlowe w rozumieniu ustawy z dnia 18 lipca 2002r. o \u015bwiadczeniu us\u0142ug drog\u0105 elektroniczn\u0105 (Dz. U. z 2020 r. poz. 344) pochodz\u0105ce od Sprzedawcy wysy\u0142ane Klientowi\/U\u017cytkownikowi drog\u0105 elektroniczn\u0105; jego otrzymywanie jest dobrowolne i wymaga zgody Klienta\/U\u017cytkownika.<\/p><p>1.7 Konto &#8211; zbi\u00f3r danych przechowywanych w Sklepie internetowym oraz w systemie teleinformatycznym Sprzedawcy dotycz\u0105cy danego Klienta\/U\u017cytkownika oraz sk\u0142adanych przez niego zam\u00f3wie\u0144 i zawieranych um\u00f3w, z wykorzystaniem kt\u00f3rego Klient\/U\u017cytkownik mo\u017ce sk\u0142ada\u0107 zam\u00f3wienia oraz zawiera\u0107 umowy.<\/p><p>1.8 RODO &#8211; Rozporz\u0105dzenie Parlamentu Europejskiego i Rady (UE) 2016\/679 z dnia 27 kwietnia 2016 r. w sprawie ochrony os\u00f3b fizycznych w zwi\u0105zku z przetwarzaniem danych osobowych i w sprawie swobodnego przep\u0142ywu takich danych oraz uchylenia dyrektywy 95\/46\/WE (og\u00f3lne rozporz\u0105dzenie o ochronie danych).<\/p><h2><strong>2. Cele, podstawy prawne oraz czas przetwarzania danych<\/strong><\/h2><p>2.1 W celu realizacji Umowy sprzeda\u017cy na odleg\u0142o\u015b\u0107 Sprzedawca przetwarza:<\/p><p>2.1.1 informacje dotycz\u0105ce urz\u0105dzenia U\u017cytkownika w celu zapewnienia poprawno\u015bci dzia\u0142ania us\u0142ug: adres IP komputera, informacje zawarte w plikach cookies lub innych podobnych technologiach, dane dotycz\u0105ce sesji, dane przegl\u0105darki internetowej, dane dotycz\u0105ce urz\u0105dzenia, dane dotycz\u0105ce aktywno\u015bci na Stronie, w tym na poszczeg\u00f3lnych podstronach;<\/p><p>2.1.2 informacje o geolokalizacji, je\u017celi U\u017cytkownik wyrazi\u0142 zgod\u0119 na dost\u0119p us\u0142ugodawcy do geolokalizacji. Informacja o geolokalizacji jest wykorzystywana w celu dostarczania bardziej dostosowanych ofert produkt\u00f3w i us\u0142ug;<br \/>2.1.3 dane osobowe U\u017cytkownik\u00f3w: imi\u0119, nazwisko, adres siedziby, adres korespondencyjny, adres e-mail, numer telefonu, NIP, numer konta bankowego lub inne dane osobowe, kt\u00f3rych podanie jest niezb\u0119dne do zrealizowania zakupu, a kt\u00f3rych podania w procesie zakupowym wymaga Administrator.<\/p><p><br \/>2.2 Informacje te nie zawieraj\u0105 danych dotycz\u0105cych to\u017csamo\u015bci U\u017cytkownik\u00f3w, lecz w po\u0142\u0105czeniu z innymi informacjami mog\u0105 stanowi\u0107 dane osobowe i w zwi\u0105zku z tym Administrator obejmuje je pe\u0142n\u0105 ochron\u0105 przys\u0142uguj\u0105c\u0105 na gruncie RODO.<\/p><p>2.3 Dane te s\u0105 przetwarzane zgodnie z art. 6 ust. 1 lit. b RODO, w celu realizacji us\u0142ugi, tj. umowy o \u015bwiadczenie us\u0142ug drog\u0105 elektroniczn\u0105 zgodnie z Regulaminem oraz zgodnie z art. 6 ust. 1 lit. a RODO, w zwi\u0105zku z wyra\u017ceniem zgody na stosowanie okre\u015blonych plik\u00f3w cookies lub innych podobnych technologii, wyra\u017conych przez odpowiednie ustawienia przegl\u0105darki internetowej zgodnie z Prawem telekomunikacyjnym lub w zwi\u0105zku z wyra\u017ceniem zgody na geolokalizacj\u0119. Dane s\u0105 przetwarzane do czasu zako\u0144czenia korzystania przez Klienta\/U\u017cytkownika ze Sklepu internetowego.<\/p><p>2.4 Administrator zobowi\u0105zuje si\u0119 podj\u0105\u0107 wszelkie \u015brodki wymagane na mocy art. 32 RODO, tj, uwzgl\u0119dniaj\u0105c stan wiedzy technicznej, koszt wdra\u017cania oraz charakter, zakres i cele przetwarzania oraz ryzyko naruszenia praw lub wolno\u015bci os\u00f3b fizycznych o r\u00f3\u017cnym prawdopodobie\u0144stwie wyst\u0105pienia i wadze, Administrator wdra\u017ca odpowiednie \u015brodki techniczne i organizacyjne, aby zapewni\u0107 stopie\u0144 bezpiecze\u0144stwa odpowiadaj\u0105cy temu ryzyku.<\/p><p>\u00a0<\/p><h2><strong>3. Dzia\u0142ania marketingowe administratora<\/strong><\/h2><p>3.1 Na stronie Sklepu internetowego Administrator danych mo\u017ce zamieszcza\u0107 informacje marketingowe o swoich produktach lub us\u0142ugach. Wy\u015bwietlanie tych tre\u015bci jest dokonywane przez Administratora danych zgodnie z art. 6 ust.1 lit. f RODO, tj. zgodnie z prawnie uzasadnionym interesem Administratora danych polegaj\u0105cym na publikacji tre\u015bci zwi\u0105zanych ze \u015bwiadczonymi us\u0142ugami oraz tre\u015bci promocyjnych akcji, w kt\u00f3re Administrator danych jest zaanga\u017cowany. Jednocze\u015bnie dzia\u0142anie to nie narusza praw i wolno\u015bci Klient\u00f3w\/U\u017cytkownik\u00f3w, Klienci\/U\u017cytkownicy spodziewaj\u0105 si\u0119 otrzymywania tre\u015bci podobnej zawarto\u015bci, a nawet tego oczekuj\u0105 lub jest to ich bezpo\u015brednim celem wizyty na stronie\/stronach Sklepu internetowego.<\/p><h2><strong>4. Odbiorcy danych u\u017cytkownik\u00f3w<\/strong><\/h2><p>4.1 Administrator danych ujawnia dane osobowe u\u017cytkownik\u00f3w wy\u0142\u0105cznie podmiotom przetwarzaj\u0105cym na mocy zawartych um\u00f3w powierzenia przetwarzania danych osobowych w celu realizacji us\u0142ug na rzecz Administratora danych, np. hostingu i obs\u0142ugi Strony, us\u0142ugi IT, obs\u0142ugi marketingowej i PR.<\/p><h2><strong>5. Przesy\u0142anie danych osobowych do pa\u0144stw trzecich<\/strong><\/h2><p>5.1 Dane osobowe nie b\u0119d\u0105 przetwarzane w pa\u0144stwach trzecich.<\/p><h2><strong>6. Prawa os\u00f3b, kt\u00f3rych dane dotycz\u0105<\/strong><\/h2><p>6.1 Ka\u017cda osoba, kt\u00f3rej dane dotycz\u0105, ma prawo:<br \/>6.1.1 dost\u0119pu (art. 15 RODO) &#8211; uzyskania od Administratora danych potwierdzenia, czy przetwarzane s\u0105 jej dane osobowe. Je\u017celi dane o osobie s\u0105 przetwarzane, jest ona uprawniona do uzyskania dost\u0119pu do nich oraz uzyskania nast\u0119puj\u0105cych informacji: o celach przetwarzania, kategoriach danych osobowych, odbiorcach lub kategoriach odbiorc\u00f3w, kt\u00f3rym dane zosta\u0142y lub zostan\u0105 ujawnione, o okresie przechowywania danych lub o kryteriach ich ustalania, o prawie do \u017c\u0105dania sprostowania, usuni\u0119cia lub ograniczenia przetwarzania danych osobowych przys\u0142uguj\u0105cych osobie, kt\u00f3rej dane dotycz\u0105, oraz do wniesienia sprzeciwu wobec takiego przetwarzania;<\/p><p>6.1.2 do otrzymania kopii danych (art. 15 ust.3 RODO) &#8211; uzyskania kopii danych podlegaj\u0105cych przetwarzaniu, przy czym pierwsza kopia jest bezp\u0142atna, a za kolejne kopie Administrator danych mo\u017ce na\u0142o\u017cy\u0107 op\u0142at\u0119 w rozs\u0105dnej wysoko\u015bci, wynikaj\u0105c\u0105 z koszt\u00f3w administracyjnych;<\/p><p>6.1.3 do sprostowania (art. 16 RODO) &#8211; \u017c\u0105dania sprostowania dotycz\u0105cych jej danych osobowych, kt\u00f3re s\u0105 nieprawid\u0142owe, lub uzupe\u0142nienia niekompletnych danych;<\/p><p>6.1.4 do usuni\u0119cia danych (art. 17 RODO) &#8211; \u017c\u0105dania usuni\u0119cia jej danych osobowych, je\u017celi Administrator danych nie ma ju\u017c podstawy prawnej do ich przetwarzania lub dane nie s\u0105 ju\u017c niezb\u0119dne do cel\u00f3w przetwarzania;<\/p><p>6.1.5 do ograniczenia przetwarzania (art. 18 RODO) &#8211; \u017c\u0105dania ograniczenia przetwarzania danych osobowych, gdy:<br \/>osoba, kt\u00f3rej dane dotycz\u0105, kwestionuje prawid\u0142owo\u015b\u0107 danych osobowych \u2013 na okres pozwalaj\u0105cy Administratorowi danych sprawdzi\u0107 prawid\u0142owo\u015b\u0107 tych danych,<br \/>przetwarzanie jest niezgodne z prawem, a osoba, kt\u00f3rej dane dotycz\u0105, sprzeciwia si\u0119 ich usuni\u0119ciu, \u017c\u0105daj\u0105c ograniczenia ich wykorzystywania,<br \/>Administrator danych nie potrzebuje ju\u017c tych danych, ale s\u0105 one potrzebne osobie, kt\u00f3rej dane dotycz\u0105, do ustalenia, dochodzenia lub obrony roszcze\u0144,<br \/>osoba, kt\u00f3rej dane dotycz\u0105, wnios\u0142a sprzeciw wobec przetwarzania \u2013 do czasu stwierdzenia, czy prawnie uzasadnione podstawy po stronie administratora s\u0105 nadrz\u0119dne wobec podstaw sprzeciwu osoby, kt\u00f3rej dane dotycz\u0105;<\/p><p>6.1.6 do przenoszenia danych (art. 20 RODO) &#8211; otrzymania w ustrukturyzowanym, powszechnie u\u017cywanym formacie nadaj\u0105cym si\u0119 do odczytu maszynowego danych osobowych jej dotycz\u0105cych, kt\u00f3re dostarczy\u0142a Administratorowi danych, oraz \u017c\u0105dania przes\u0142ania tych danych innemu Administratorowi, je\u017celi dane s\u0105 przetwarzane na podstawie zgody osoby, kt\u00f3rej dane dotycz\u0105, lub umowy z ni\u0105 zawartej oraz je\u017celi dane s\u0105 przetwarzane w spos\u00f3b zautomatyzowany;<\/p><p>6.1.7 do sprzeciwu (art. 21 RODO) &#8211; wniesienia sprzeciwu wobec przetwarzania jej danych osobowych w prawnie uzasadnionych celach administratora, z przyczyn zwi\u0105zanych z jej szczeg\u00f3ln\u0105 sytuacj\u0105, w tym wobec profilowania. W\u00f3wczas Administrator danych dokonuje oceny istnienia wa\u017cnych prawnie uzasadnionych podstaw do przetwarzania, nadrz\u0119dnych wobec interes\u00f3w, praw i wolno\u015bci os\u00f3b, kt\u00f3rych dane dotycz\u0105, lub podstaw do ustalenia, dochodzenia lub obrony roszcze\u0144. Je\u017celi zgodnie z ocen\u0105 interesy osoby, kt\u00f3rej dane dotycz\u0105, b\u0119d\u0105 wa\u017cniejsze od interes\u00f3w administratora, Administrator danych b\u0119dzie zobowi\u0105zany zaprzesta\u0107 przetwarzania danych w tych celach;<\/p><p>6.1.8 do cofni\u0119cia zgody w ka\u017cdym momencie i bez podawania przyczyny, lecz przetwarzanie danych osobowych dokonane przed cofni\u0119ciem zgody nadal pozostanie zgodne z prawem. Cofni\u0119cie zgody spowoduje zaprzestanie przetwarzania przez Administratora danych osobowych w celu, w kt\u00f3rym zgoda ta zosta\u0142a wyra\u017cona.<\/p><p>6.2 Aby skorzysta\u0107 z wy\u017cej wymienionych praw, osoba, kt\u00f3rej dane dotycz\u0105, powinna skontaktowa\u0107 si\u0119, wykorzystuj\u0105c podane dane kontaktowe, z Administratorem danych i poinformowa\u0107 go, z kt\u00f3rego prawa i w jakim zakresie chce skorzysta\u0107.<\/p><h2><br \/><strong>7. Prezes Urz\u0119du Ochrony Danych Osobowych<\/strong><\/h2><p>7.1 Osoba, kt\u00f3rej dane dotycz\u0105, ma prawo wnie\u015b\u0107 skarg\u0119 do organu nadzoru, kt\u00f3rym w Polsce jest Prezes Urz\u0119du Ochrony Danych Osobowych z siedzib\u0105 w Warszawie, ul. Stawki 2, z kt\u00f3rym mo\u017cna kontaktowa\u0107 si\u0119 w nast\u0119puj\u0105cy spos\u00f3b:<\/p><p>7.1.1 listownie: ul. Stawki 2, 00-193 Warszawa;<\/p><p>7.1.2 przez elektroniczn\u0105 skrzynk\u0119 podawcz\u0105 dost\u0119pn\u0105 na stronie: https:\/\/www.uodo.gov.pl\/pl\/p\/kontakt;<\/p><p>7.1.3 Infolinia: 606-950-0000.<\/p><h2><strong>8. Inspektor Ochrony Danych<\/strong><\/h2><p>W ka\u017cdym przypadku osoba, kt\u00f3rej dane dotycz\u0105, mo\u017ce r\u00f3wnie\u017c skontaktowa\u0107 si\u0119 bezpo\u015brednio z inspektorem ochrony danych Administratora za pomoc\u0105 wiadomo\u015bci e-mail lub pisemnie na adres Administratora danych, podany w dziale 1 punkcie 2 niniejszej Polityki Prywatno\u015bci i Cookies.<\/p><h2><strong>9. Zmiany Polityki Prywatno\u015bci<\/strong><\/h2><p>Polityka prywatno\u015bci i cookies mo\u017ce by\u0107 uzupe\u0142niana lub uaktualniana zgodnie z bie\u017c\u0105cymi potrzebami Administratora w celu zapewnienia aktualnej i rzetelnej informacji Klientom\/U\u017cytkownikom.<\/p><h2><strong>10. Cookies<\/strong><\/h2><p>10.1 Sklep internetowy realizuje funkcje pozyskiwania informacji o Klientach, U\u017cytkownikach i ich zachowaniu w nast\u0119puj\u0105cy spos\u00f3b:<\/p><p>10.1.1 poprzez dobrowolnie wprowadzone w formularzach informacje w celach wynikaj\u0105cych z funkcji konkretnego formularza;<\/p><p>10.1.3 poprzez zapisywanie w urz\u0105dzeniach ko\u0144cowych pliki cookies (tzw. \u201eciasteczka\u201d);<\/p><p>10.1.4 poprzez gromadzenie log\u00f3w serwera www przez operatora hostingowego Sklepu internetowego (konieczne do poprawnego dzia\u0142ania serwisu).<\/p><p>10.2 Pliki cookies stanowi\u0105 dane informatyczne, w szczeg\u00f3lno\u015bci pliki tekstowe, kt\u00f3re s\u0105 przechowywane w urz\u0105dzeniu ko\u0144cowym Klienta \/ U\u017cytkownika i przeznaczone s\u0105 do korzystania ze strony Sklepu internetowego. Cookies zazwyczaj zawieraj\u0105 nazw\u0119 strony internetowej, z kt\u00f3rej pochodz\u0105, czas przechowywania ich na urz\u0105dzeniu ko\u0144cowym oraz unikalny numer.<\/p><p>10.3 Sklep internetowy korzysta z plik\u00f3w cookies wy\u0142\u0105cznie po wyra\u017ceniu przez Klienta\/U\u017cytkownika Sklepu uprzedniej zgody w tym zakresie. Wyra\u017cenie zgody na korzystanie przez Sklep internetowy z wszystkich plik\u00f3w cookies nast\u0119puje poprzez klikni\u0119cie przycisku: \u201eZamknij\u201d podczas wy\u015bwietlania si\u0119 komunikatu o korzystaniu z plik\u00f3w cookies przez Sklep internetowy albo poprzez zamkni\u0119cie tego komunikatu.<\/p><p>10.4 Je\u017celi Klient\/U\u017cytkownik Sklepu internetowego nie wyra\u017ca zgody na korzystanie przez Sklep internetowy z plik\u00f3w cookies, mo\u017ce skorzysta\u0107 z opcji: \u201eNie wyra\u017cam zgody\u201d, dost\u0119pnej r\u00f3wnie\u017c w komunikacie o korzystaniu z plik\u00f3w cookies przez Sklep internetowy b\u0105d\u017a dokona\u0107 zmian w ustawieniach przegl\u0105darki internetowej, z kt\u00f3rej aktualnie korzysta (mo\u017ce to jednak spowodowa\u0107 niepoprawne dzia\u0142anie strony Sklepu internetowego).<\/p><p>10.5 W celu zarz\u0105dzania ustawieniami cookies, nale\u017cy wybra\u0107 z listy przegl\u0105dark\u0119 internetow\u0105\/system i post\u0119powa\u0107 zgodnie z instrukcjami: Internet Explorer, Chrome, Safari, Firefox, Opera, Android, Safari (iOS), Windows Phone.<\/p><p>10.6 Podstaw\u0105 prawn\u0105 przetwarzania danych osobowych pochodz\u0105cych z plik\u00f3w cookies s\u0105 prawnie uzasadnione interesy Administratora danych, polegaj\u0105ce na zapewnianiu wysokiej jako\u015bci us\u0142ug, zapewnianiu bezpiecze\u0144stwa us\u0142ug.<\/p><p>10.7 W ramach Sklepu internetowego stosowane s\u0105 dwa zasadnicze rodzaje plik\u00f3w cookies: \u201esesyjne\u201d (session cookies) oraz \u201esta\u0142e\u201d (persistent cookies). Cookies \u201esesyjne\u201d s\u0105 plikami tymczasowymi, kt\u00f3re przechowywane s\u0105 w urz\u0105dzeniu ko\u0144cowym U\u017cytkownika do czasu wylogowania, opuszczenia Sklepu internetowego lub wy\u0142\u0105czenia oprogramowania (przegl\u0105darki internetowej). \u201eSta\u0142e\u201d pliki cookies przechowywane s\u0105 w urz\u0105dzeniu ko\u0144cowym Klienta\/U\u017cytkownika przez czas okre\u015blony w parametrach plik\u00f3w cookies lub do czasu ich usuni\u0119cia przez Klienta\/U\u017cytkownika.<\/p>\t\t\t\t\t\t<\/div>\n\t\t\t\t<\/div>\n\t\t\t\t\t<\/div>\n\t\t<\/div>\n\t\t\t\t\t\t\t<\/div>\n\t\t<\/section>\n\t\t\t\t\t\t\t<\/div>\n\t\t","protected":false},"excerpt":{"rendered":"<p>Polityka prywatno\u015bci i cookies 1. Administrator danych i definicje 1.1 Administratorem danych osobowych Klient\u00f3w \/ U\u017cytkownik\u00f3w Sklepu Internetowego, zwany tak\u017ce<\/p>\n","protected":false},"author":1,"featured_media":0,"parent":0,"menu_order":0,"comment_status":"closed","ping_status":"closed","template":"","meta":{"inline_featured_image":false,"footnotes":""},"class_list":["post-16261","page","type-page","status-publish","hentry"],"_links":{"self":[{"href":"https:\/\/hyggeconcept.realizacjewww.pl\/index.php?rest_route=\/wp\/v2\/pages\/16261","targetHints":{"allow":["GET"]}}],"collection":[{"href":"https:\/\/hyggeconcept.realizacjewww.pl\/index.php?rest_route=\/wp\/v2\/pages"}],"about":[{"href":"https:\/\/hyggeconcept.realizacjewww.pl\/index.php?rest_route=\/wp\/v2\/types\/page"}],"author":[{"embeddable":true,"href":"https:\/\/hyggeconcept.realizacjewww.pl\/index.php?rest_route=\/wp\/v2\/users\/1"}],"replies":[{"embeddable":true,"href":"https:\/\/hyggeconcept.realizacjewww.pl\/index.php?rest_route=%2Fwp%2Fv2%2Fcomments&post=16261"}],"version-history":[{"count":4,"href":"https:\/\/hyggeconcept.realizacjewww.pl\/index.php?rest_route=\/wp\/v2\/pages\/16261\/revisions"}],"predecessor-version":[{"id":16265,"href":"https:\/\/hyggeconcept.realizacjewww.pl\/index.php?rest_route=\/wp\/v2\/pages\/16261\/revisions\/16265"}],"wp:attachment":[{"href":"https:\/\/hyggeconcept.realizacjewww.pl\/index.php?rest_route=%2Fwp%2Fv2%2Fmedia&parent=16261"}],"curies":[{"name":"wp","href":"https:\/\/api.w.org\/{rel}","templated":true}]}}